{"id":73683,"date":"2023-10-05T11:22:14","date_gmt":"2023-10-05T09:22:14","guid":{"rendered":"https:\/\/stackfuel.com\/?page_id=73683"},"modified":"2024-06-24T11:43:07","modified_gmt":"2024-06-24T09:43:07","slug":"weiterbildungsanbieter-bildungsgutschein","status":"publish","type":"page","link":"https:\/\/stackfuel.com\/de\/webinare\/weiterbildungsanbieter-bildungsgutschein\/","title":{"rendered":"Wie w\u00e4hle ich den richtigen Weiterbildungsanbieter?"},"content":{"rendered":"\t\t<div data-elementor-type=\"wp-page\" data-elementor-id=\"73683\" class=\"elementor elementor-73683\" data-elementor-post-type=\"page\">\n\t\t\t\t<div class=\"elementor-element elementor-element-2ada3a9b e-con-full e-flex e-con e-parent\" data-id=\"2ada3a9b\" data-element_type=\"container\" data-e-type=\"container\" data-settings=\"{&quot;background_background&quot;:&quot;classic&quot;}\">\n\t\t<div class=\"elementor-element elementor-element-4dc2c5de e-flex e-con-boxed e-con e-child\" data-id=\"4dc2c5de\" data-element_type=\"container\" data-e-type=\"container\">\n\t\t\t\t\t<div class=\"e-con-inner\">\n\t\t<div class=\"elementor-element elementor-element-f270f52 e-con-full e-flex e-con e-child\" data-id=\"f270f52\" data-element_type=\"container\" data-e-type=\"container\">\n\t\t\t\t<div class=\"elementor-element elementor-element-1e2509ec marginleft-desktop-xxl marginleft-tablet-l marginleft-mobile-m margintop-desktop-l marginbottom-desktop-l elementor-widget elementor-widget-heading\" data-id=\"1e2509ec\" data-element_type=\"widget\" data-e-type=\"widget\" data-widget_type=\"heading.default\">\n\t\t\t\t\t<h1 class=\"elementor-heading-title elementor-size-default\">Wie w\u00e4hle ich den richtigen Weiterbildungsanbieter?<\/h1>\t\t\t\t<\/div>\n\t\t\t\t<\/div>\n\t\t\t\t\t<\/div>\n\t\t\t\t<\/div>\n\t\t\t\t<\/div>\n\t\t<div class=\"elementor-element elementor-element-41f35056 margintop-desktop-xl margintop-tablet-xl margintop-mobile-l e-flex e-con-boxed e-con e-parent\" data-id=\"41f35056\" data-element_type=\"container\" data-e-type=\"container\">\n\t\t\t\t\t<div class=\"e-con-inner\">\n\t\t<div class=\"elementor-element elementor-element-59d4eb6e e-flex e-con-boxed e-con e-child\" data-id=\"59d4eb6e\" data-element_type=\"container\" data-e-type=\"container\">\n\t\t\t\t\t<div class=\"e-con-inner\">\n\t\t<div class=\"elementor-element elementor-element-8a9ea1e e-flex e-con-boxed e-con e-child\" data-id=\"8a9ea1e\" data-element_type=\"container\" data-e-type=\"container\">\n\t\t\t\t\t<div class=\"e-con-inner\">\n\t\t\t\t<div class=\"elementor-element elementor-element-ed9789e elementor-widget elementor-widget-html\" data-id=\"ed9789e\" data-element_type=\"widget\" data-e-type=\"widget\" data-widget_type=\"html.default\">\n\t\t\t\t\t<script data-dataid=\"182f1802-8777-46e0-a2d6-e1b2470239e8\" src=\"\/\/player.3qsdn.com\/js3q.embed.min.js\"><\/script>\t\t\t\t<\/div>\n\t\t\t\t\t<\/div>\n\t\t\t\t<\/div>\n\t\t\t\t\t<\/div>\n\t\t\t\t<\/div>\n\t\t\t\t\t<\/div>\n\t\t\t\t<\/div>\n\t\t<div class=\"elementor-element elementor-element-daaf221 margintop-desktop-xl margintop-tablet-xl margintop-mobile-l e-flex e-con-boxed e-con e-parent\" data-id=\"daaf221\" data-element_type=\"container\" data-e-type=\"container\">\n\t\t\t\t\t<div class=\"e-con-inner\">\n\t\t\t\t<div class=\"elementor-element elementor-element-6102809f elementor-widget elementor-widget-heading\" data-id=\"6102809f\" data-element_type=\"widget\" data-e-type=\"widget\" data-widget_type=\"heading.default\">\n\t\t\t\t\t<h5 class=\"elementor-heading-title elementor-size-default\"> <span class=\"lime_on_white\">6 Qualit\u00e4tsmerkmale von Anbietern.<\/span><\/h5>\t\t\t\t<\/div>\n\t\t\t\t<div class=\"elementor-element elementor-element-7ccab29e elementor-widget elementor-widget-heading\" data-id=\"7ccab29e\" data-element_type=\"widget\" data-e-type=\"widget\" data-widget_type=\"heading.default\">\n\t\t\t\t\t<h2 class=\"elementor-heading-title elementor-size-default\">Das lernst Du im Webinar.\n<\/h2>\t\t\t\t<\/div>\n\t\t\t\t<div class=\"elementor-element elementor-element-3925a16e elementor-widget__width-initial elementor-widget elementor-widget-text-editor\" data-id=\"3925a16e\" data-element_type=\"widget\" data-e-type=\"widget\" data-widget_type=\"text-editor.default\">\n\t\t\t\t\t\t\t\t\t<p>Was macht einen guten Weiterbildungsanbieter aus? Das fragen sich viele, die in einem un\u00fcberschaubaren Kursangebot das Richtige f\u00fcr sich finden wollen. Genau hinschauen lohnt sich, wenn Du wei\u00dft, wie.<\/p><p>Sechs Eigenschaften machen einen guten Weiterbildungsanbieter aus. Besonders bei gef\u00f6rderten Weiterbildungen ist es wichtig, sich nicht nur \u00fcber die Wahl des Kurses, sondern auch des Anbieters Gedanken zu machen.<\/p><p>In unserem Webinar \u201eDer richtige Anbieter f\u00fcr Deine Weiterbildung mit Bildungsgutschein: Sechs unverzichtbare Qualit\u00e4tsfaktoren\u201c zeigen wir Dir, worauf Du achten kannst und geben Dir n\u00fctzliche Tipps, damit Du den richtigen Anbieter f\u00fcr Dich findest.<\/p>\t\t\t\t\t\t\t\t<\/div>\n\t\t<div class=\"elementor-element elementor-element-ebb8d89 margintop-desktop-m margintop-tablet-m margintop-mobile-m e-flex e-con-boxed e-con e-child\" data-id=\"ebb8d89\" data-element_type=\"container\" data-e-type=\"container\">\n\t\t\t\t\t<div class=\"e-con-inner\">\n\t\t\t\t<div class=\"elementor-element elementor-element-5f2ab74e elementor-position-inline-start elementor-widget__width-initial elementor-view-default elementor-mobile-position-block-start elementor-widget elementor-widget-icon-box\" data-id=\"5f2ab74e\" data-element_type=\"widget\" data-e-type=\"widget\" data-widget_type=\"icon-box.default\">\n\t\t\t\t\t\t\t<div class=\"elementor-icon-box-wrapper\">\n\n\t\t\t\t\t\t<div class=\"elementor-icon-box-icon\">\n\t\t\t\t<span  class=\"elementor-icon\">\n\t\t\t\t<svg aria-hidden=\"true\" class=\"e-font-icon-svg e-fas-check\" viewBox=\"0 0 512 512\" xmlns=\"http:\/\/www.w3.org\/2000\/svg\"><path d=\"M173.898 439.404l-166.4-166.4c-9.997-9.997-9.997-26.206 0-36.204l36.203-36.204c9.997-9.998 26.207-9.998 36.204 0L192 312.69 432.095 72.596c9.997-9.997 26.207-9.997 36.204 0l36.203 36.204c9.997 9.997 9.997 26.206 0 36.204l-294.4 294.401c-9.998 9.997-26.207 9.997-36.204-.001z\"><\/path><\/svg>\t\t\t\t<\/span>\n\t\t\t<\/div>\n\t\t\t\n\t\t\t\t\t\t<div class=\"elementor-icon-box-content\">\n\n\t\t\t\t\t\t\t\t\t<span class=\"elementor-icon-box-title\">\n\t\t\t\t\t\t<span  >\n\t\t\t\t\t\t\tWas bringen Weiterbildungen mit Bildungsgutschein wirklich?\t\t\t\t\t\t<\/span>\n\t\t\t\t\t<\/span>\n\t\t\t\t\n\t\t\t\t\n\t\t\t<\/div>\n\t\t\t\n\t\t<\/div>\n\t\t\t\t\t\t<\/div>\n\t\t\t\t<div class=\"elementor-element elementor-element-2e3ccfb8 elementor-position-inline-start elementor-widget__width-initial elementor-view-default elementor-mobile-position-block-start elementor-widget elementor-widget-icon-box\" data-id=\"2e3ccfb8\" data-element_type=\"widget\" data-e-type=\"widget\" data-widget_type=\"icon-box.default\">\n\t\t\t\t\t\t\t<div class=\"elementor-icon-box-wrapper\">\n\n\t\t\t\t\t\t<div class=\"elementor-icon-box-icon\">\n\t\t\t\t<span  class=\"elementor-icon\">\n\t\t\t\t<svg aria-hidden=\"true\" class=\"e-font-icon-svg e-fas-check\" viewBox=\"0 0 512 512\" xmlns=\"http:\/\/www.w3.org\/2000\/svg\"><path d=\"M173.898 439.404l-166.4-166.4c-9.997-9.997-9.997-26.206 0-36.204l36.203-36.204c9.997-9.998 26.207-9.998 36.204 0L192 312.69 432.095 72.596c9.997-9.997 26.207-9.997 36.204 0l36.203 36.204c9.997 9.997 9.997 26.206 0 36.204l-294.4 294.401c-9.998 9.997-26.207 9.997-36.204-.001z\"><\/path><\/svg>\t\t\t\t<\/span>\n\t\t\t<\/div>\n\t\t\t\n\t\t\t\t\t\t<div class=\"elementor-icon-box-content\">\n\n\t\t\t\t\t\t\t\t\t<span class=\"elementor-icon-box-title\">\n\t\t\t\t\t\t<span  >\n\t\t\t\t\t\t\tWarum ist die Wahl des Weiterbildungsanbieters so wichtig?\t\t\t\t\t\t<\/span>\n\t\t\t\t\t<\/span>\n\t\t\t\t\n\t\t\t\t\n\t\t\t<\/div>\n\t\t\t\n\t\t<\/div>\n\t\t\t\t\t\t<\/div>\n\t\t\t\t<div class=\"elementor-element elementor-element-7f8b7c63 elementor-position-inline-start elementor-widget__width-initial elementor-view-default elementor-mobile-position-block-start elementor-widget elementor-widget-icon-box\" data-id=\"7f8b7c63\" data-element_type=\"widget\" data-e-type=\"widget\" data-widget_type=\"icon-box.default\">\n\t\t\t\t\t\t\t<div class=\"elementor-icon-box-wrapper\">\n\n\t\t\t\t\t\t<div class=\"elementor-icon-box-icon\">\n\t\t\t\t<span  class=\"elementor-icon\">\n\t\t\t\t<svg aria-hidden=\"true\" class=\"e-font-icon-svg e-fas-check\" viewBox=\"0 0 512 512\" xmlns=\"http:\/\/www.w3.org\/2000\/svg\"><path d=\"M173.898 439.404l-166.4-166.4c-9.997-9.997-9.997-26.206 0-36.204l36.203-36.204c9.997-9.998 26.207-9.998 36.204 0L192 312.69 432.095 72.596c9.997-9.997 26.207-9.997 36.204 0l36.203 36.204c9.997 9.997 9.997 26.206 0 36.204l-294.4 294.401c-9.998 9.997-26.207 9.997-36.204-.001z\"><\/path><\/svg>\t\t\t\t<\/span>\n\t\t\t<\/div>\n\t\t\t\n\t\t\t\t\t\t<div class=\"elementor-icon-box-content\">\n\n\t\t\t\t\t\t\t\t\t<span class=\"elementor-icon-box-title\">\n\t\t\t\t\t\t<span  >\n\t\t\t\t\t\t\tWoran erkenne ich einen guten Weiterbildungsanbieter?\t\t\t\t\t\t<\/span>\n\t\t\t\t\t<\/span>\n\t\t\t\t\n\t\t\t\t\n\t\t\t<\/div>\n\t\t\t\n\t\t<\/div>\n\t\t\t\t\t\t<\/div>\n\t\t\t\t<div class=\"elementor-element elementor-element-66f73b56 elementor-position-inline-start elementor-widget__width-initial elementor-view-default elementor-mobile-position-block-start elementor-widget elementor-widget-icon-box\" data-id=\"66f73b56\" data-element_type=\"widget\" data-e-type=\"widget\" data-widget_type=\"icon-box.default\">\n\t\t\t\t\t\t\t<div class=\"elementor-icon-box-wrapper\">\n\n\t\t\t\t\t\t<div class=\"elementor-icon-box-icon\">\n\t\t\t\t<span  class=\"elementor-icon\">\n\t\t\t\t<svg aria-hidden=\"true\" class=\"e-font-icon-svg e-fas-check\" viewBox=\"0 0 512 512\" xmlns=\"http:\/\/www.w3.org\/2000\/svg\"><path d=\"M173.898 439.404l-166.4-166.4c-9.997-9.997-9.997-26.206 0-36.204l36.203-36.204c9.997-9.998 26.207-9.998 36.204 0L192 312.69 432.095 72.596c9.997-9.997 26.207-9.997 36.204 0l36.203 36.204c9.997 9.997 9.997 26.206 0 36.204l-294.4 294.401c-9.998 9.997-26.207 9.997-36.204-.001z\"><\/path><\/svg>\t\t\t\t<\/span>\n\t\t\t<\/div>\n\t\t\t\n\t\t\t\t\t\t<div class=\"elementor-icon-box-content\">\n\n\t\t\t\t\t\t\t\t\t<span class=\"elementor-icon-box-title\">\n\t\t\t\t\t\t<span  >\n\t\t\t\t\t\t\t In welchem Fall ist StackFuel die richtige Wahl f\u00fcr mich?\t\t\t\t\t\t<\/span>\n\t\t\t\t\t<\/span>\n\t\t\t\t\n\t\t\t\t\n\t\t\t<\/div>\n\t\t\t\n\t\t<\/div>\n\t\t\t\t\t\t<\/div>\n\t\t\t\t\t<\/div>\n\t\t\t\t<\/div>\n\t\t\t\t\t<\/div>\n\t\t\t\t<\/div>\n\t\t<div class=\"elementor-element elementor-element-2ee06d47 margintop-desktop-xl margintop-tablet-xl margintop-mobile-l e-flex e-con-boxed e-con e-parent\" data-id=\"2ee06d47\" data-element_type=\"container\" data-e-type=\"container\">\n\t\t\t\t\t<div class=\"e-con-inner\">\n\t\t<div class=\"elementor-element elementor-element-61778f61 e-con-full e-flex e-con e-child\" data-id=\"61778f61\" data-element_type=\"container\" data-e-type=\"container\">\n\t\t\t\t<div class=\"elementor-element elementor-element-292ebc0f elementor-widget elementor-widget-image\" data-id=\"292ebc0f\" data-element_type=\"widget\" data-e-type=\"widget\" data-widget_type=\"image.default\">\n\t\t\t\t\t\t\t\t\t\t\t\t\t\t\t<img fetchpriority=\"high\" decoding=\"async\" width=\"416\" height=\"416\" src=\"https:\/\/stackfuel.com\/wp-content\/uploads\/2023\/09\/professional-woman-blue-blouse.png\" class=\"attachment-large size-large wp-image-73391\" alt=\"Smiling professional woman in blue blouse, confident and approachable, on white background.\" srcset=\"https:\/\/stackfuel.com\/wp-content\/uploads\/2023\/09\/professional-woman-blue-blouse.png 416w, https:\/\/stackfuel.com\/wp-content\/uploads\/2023\/09\/professional-woman-blue-blouse-400x400.png 400w, https:\/\/stackfuel.com\/wp-content\/uploads\/2023\/09\/professional-woman-blue-blouse-150x150.png 150w, https:\/\/stackfuel.com\/wp-content\/uploads\/2023\/09\/professional-woman-blue-blouse-300x300.png 300w, https:\/\/stackfuel.com\/wp-content\/uploads\/2023\/09\/professional-woman-blue-blouse-12x12.png 12w\" sizes=\"(max-width: 416px) 100vw, 416px\" \/>\t\t\t\t\t\t\t\t\t\t\t\t\t\t\t<\/div>\n\t\t\t\t<\/div>\n\t\t<div class=\"elementor-element elementor-element-91cc1a4 e-con-full e-flex e-con e-child\" data-id=\"91cc1a4\" data-element_type=\"container\" data-e-type=\"container\">\n\t\t\t\t<div class=\"elementor-element elementor-element-60515cbb elementor-widget elementor-widget-heading\" data-id=\"60515cbb\" data-element_type=\"widget\" data-e-type=\"widget\" data-widget_type=\"heading.default\">\n\t\t\t\t\t<h3 class=\"elementor-heading-title elementor-size-default\">Unsere Moderatorin f\u00fcr das Webinar<\/h3>\t\t\t\t<\/div>\n\t\t\t\t<div class=\"elementor-element elementor-element-73dd5e58 elementor-widget elementor-widget-text-editor\" data-id=\"73dd5e58\" data-element_type=\"widget\" data-e-type=\"widget\" data-widget_type=\"text-editor.default\">\n\t\t\t\t\t\t\t\t\t<p><strong>Maria Schwenke<\/strong><\/p><p>Weiterbildungs- und Karriereberaterin<\/p>\t\t\t\t\t\t\t\t<\/div>\n\t\t\t\t<div class=\"elementor-element elementor-element-5608ae00 elementor-widget elementor-widget-text-editor\" data-id=\"5608ae00\" data-element_type=\"widget\" data-e-type=\"widget\" data-widget_type=\"text-editor.default\">\n\t\t\t\t\t\t\t\t\t<p><br \/>Maria Schwenke ist geb\u00fcrtige Berlinerin und hat ihren Bachelor of Arts in VWL und Franz\u00f6sisch sowie ihren Master of Arts in Konfliktforschung an der National University of Ireland absolviert. Seit 2018 widmet sie sich mit ganzem Herzen dem Bildungssektor und hat als Projekt- und Standortleiterin f\u00fcr die Niederlassung in Berlin-Neuk\u00f6lln bei Vulkan &amp; Waldenser gearbeitet und im Rahmen eines staatlich gef\u00f6rderten Projekts Gefl\u00fcchteten unter 25 Jahren Weiterbildungsangebote f\u00fcr den Jobeinstieg in Deutschland vermittelt. Seit Juni 2021 ist Maria bei StackFuel t\u00e4tig und ber\u00e4t Arbeitssuchende im Bereich der gef\u00f6rderten Weiterbildungen.<\/p>\t\t\t\t\t\t\t\t<\/div>\n\t\t\t\t<\/div>\n\t\t\t\t\t<\/div>\n\t\t\t\t<\/div>\n\t\t<div class=\"elementor-element elementor-element-3cb68cd e-con-full e-flex e-con e-parent\" data-id=\"3cb68cd\" data-element_type=\"container\" data-e-type=\"container\">\n\t\t\t\t<div class=\"elementor-element elementor-element-bb642eb elementor-widget elementor-widget-template\" data-id=\"bb642eb\" data-element_type=\"widget\" data-e-type=\"widget\" data-widget_type=\"template.default\">\n\t\t\t\t<div class=\"elementor-widget-container\">\n\t\t\t\t\t\t\t<div class=\"elementor-template\">\n\t\t\t\t\t<div data-elementor-type=\"container\" data-elementor-id=\"69242\" class=\"elementor elementor-69242\" data-elementor-post-type=\"elementor_library\">\n\t\t\t\t<div class=\"elementor-element elementor-element-7e69842 e-con-full margintop-desktop-xl margintop-tablet-xl margintop-mobile-l e-flex e-con e-parent\" data-id=\"7e69842\" data-element_type=\"container\" data-e-type=\"container\" id=\"call_not_now_option\">\n\t\t<div class=\"elementor-element elementor-element-adc4bcc e-flex e-con-boxed e-con e-child\" data-id=\"adc4bcc\" data-element_type=\"container\" data-e-type=\"container\" data-settings=\"{&quot;background_background&quot;:&quot;classic&quot;}\">\n\t\t\t\t\t<div class=\"e-con-inner\">\n\t\t<div class=\"elementor-element elementor-element-b2ff925 e-con-full e-flex e-con e-child\" data-id=\"b2ff925\" data-element_type=\"container\" data-e-type=\"container\">\n\t\t\t\t<div class=\"elementor-element elementor-element-eb34bf6 margintop-mobile-l elementor-widget elementor-widget-image\" data-id=\"eb34bf6\" data-element_type=\"widget\" data-e-type=\"widget\" data-widget_type=\"image.default\">\n\t\t\t\t\t\t\t\t\t\t\t\t\t\t\t<img decoding=\"async\" width=\"241\" height=\"240\" src=\"https:\/\/stackfuel.com\/wp-content\/uploads\/2024\/07\/smiling-man-black-polo.png\" class=\"attachment-large size-large wp-image-85911\" alt=\"Smiling young man in black polo, professional and friendly profile portrait.\" srcset=\"https:\/\/stackfuel.com\/wp-content\/uploads\/2024\/07\/smiling-man-black-polo.png 241w, https:\/\/stackfuel.com\/wp-content\/uploads\/2024\/07\/smiling-man-black-polo-150x150.png 150w, https:\/\/stackfuel.com\/wp-content\/uploads\/2024\/07\/smiling-man-black-polo-12x12.png 12w\" sizes=\"(max-width: 241px) 100vw, 241px\" \/>\t\t\t\t\t\t\t\t\t\t\t\t\t\t\t<\/div>\n\t\t\t\t<\/div>\n\t\t<div class=\"elementor-element elementor-element-a42cf8f e-con-full e-flex e-con e-child\" data-id=\"a42cf8f\" data-element_type=\"container\" data-e-type=\"container\">\n\t\t\t\t<div class=\"elementor-element elementor-element-77b5237 elementor-widget-tablet__width-inherit elementor-widget elementor-widget-heading\" data-id=\"77b5237\" data-element_type=\"widget\" data-e-type=\"widget\" data-widget_type=\"heading.default\">\n\t\t\t\t\t<h2 class=\"elementor-heading-title elementor-size-default\">Lass Dich unverbindlich <br> von uns beraten.<\/h2>\t\t\t\t<\/div>\n\t\t\t\t<div class=\"elementor-element elementor-element-3968153 marginright-mobile-xs marginleft-mobile-s margintop-desktop-m margintop-tablet-m margintop-mobile-m elementor-widget elementor-widget-text-editor\" data-id=\"3968153\" data-element_type=\"widget\" data-e-type=\"widget\" data-widget_type=\"text-editor.default\">\n\t\t\t\t\t\t\t\t\t<p>Vereinbare jetzt einen<strong> Beratungstermin<\/strong>! Wir finden gemeinsam mit Dir geeignete Weiterbildungen und beantworten alle offenen Fragen. Wir freuen uns auf Dich.<\/p>\t\t\t\t\t\t\t\t<\/div>\n\t\t\t\t<div class=\"elementor-element elementor-element-163b514 elementor-align-left button-lime-primary elementor-mobile-align-center marginbottom-mobile-l margintop-desktop-lm margintop-tablet-lm margintop-mobile-lm elementor-widget elementor-widget-button\" data-id=\"163b514\" data-element_type=\"widget\" data-e-type=\"widget\" data-widget_type=\"button.default\">\n\t\t\t\t\t\t\t\t\t\t<a class=\"elementor-button elementor-button-link elementor-size-sm\" href=\"https:\/\/stackfuel.com\/de\/beratung\/\">\n\t\t\t\t\t\t<span class=\"elementor-button-content-wrapper\">\n\t\t\t\t\t\t\t\t\t<span class=\"elementor-button-text\">Beratung buchen<\/span>\n\t\t\t\t\t<\/span>\n\t\t\t\t\t<\/a>\n\t\t\t\t\t\t\t\t<\/div>\n\t\t\t\t<\/div>\n\t\t\t\t\t<\/div>\n\t\t\t\t<\/div>\n\t\t\t\t<\/div>\n\t\t\t\t<\/div>\n\t\t\t\t<\/div>\n\t\t\t\t\t\t<\/div>\n\t\t\t\t<\/div>\n\t\t\t\t<\/div>\n\t\t\t\t<\/div>\n\t\t","protected":false},"excerpt":{"rendered":"<p>Wie w\u00e4hle ich den richtigen Weiterbildungsanbieter? 6 Qualit\u00e4tsmerkmale von Anbietern. Das lernst Du im Webinar. Was macht einen guten Weiterbildungsanbieter aus? Das fragen sich viele, die in einem un\u00fcberschaubaren Kursangebot das Richtige f\u00fcr sich finden wollen. Genau hinschauen lohnt sich, wenn Du wei\u00dft, wie. Sechs Eigenschaften machen einen guten Weiterbildungsanbieter aus. Besonders bei gef\u00f6rderten Weiterbildungen [&hellip;]<\/p>\n","protected":false},"author":6,"featured_media":0,"parent":72095,"menu_order":0,"comment_status":"closed","ping_status":"closed","template":"","meta":{"_acf_changed":false,"content-type":"","inline_featured_image":false,"footnotes":""},"class_list":["post-73683","page","type-page","status-publish","hentry"],"acf":[],"_links":{"self":[{"href":"https:\/\/stackfuel.com\/de\/wp-json\/wp\/v2\/pages\/73683"}],"collection":[{"href":"https:\/\/stackfuel.com\/de\/wp-json\/wp\/v2\/pages"}],"about":[{"href":"https:\/\/stackfuel.com\/de\/wp-json\/wp\/v2\/types\/page"}],"author":[{"embeddable":true,"href":"https:\/\/stackfuel.com\/de\/wp-json\/wp\/v2\/users\/6"}],"replies":[{"embeddable":true,"href":"https:\/\/stackfuel.com\/de\/wp-json\/wp\/v2\/comments?post=73683"}],"version-history":[{"count":0,"href":"https:\/\/stackfuel.com\/de\/wp-json\/wp\/v2\/pages\/73683\/revisions"}],"up":[{"embeddable":true,"href":"https:\/\/stackfuel.com\/de\/wp-json\/wp\/v2\/pages\/72095"}],"wp:attachment":[{"href":"https:\/\/stackfuel.com\/de\/wp-json\/wp\/v2\/media?parent=73683"}],"curies":[{"name":"wp","href":"https:\/\/api.w.org\/{rel}","templated":true}]}}